{"id":71680,"date":"2024-11-05T14:31:26","date_gmt":"2024-11-05T14:31:26","guid":{"rendered":"https:\/\/dev.mexxus.com\/mortgagesmontreal\/conditions-dutilisation\/"},"modified":"2024-11-21T17:39:19","modified_gmt":"2024-11-21T17:39:19","slug":"conditions-dutilisation","status":"publish","type":"page","link":"https:\/\/mortgagesmontreal.ca\/fr\/conditions-dutilisation\/","title":{"rendered":"Conditions d&rsquo;utilisation"},"content":{"rendered":"<p>[et_pb_section fb_built=\u00a0\u00bb1&Prime; _builder_version=\u00a0\u00bb4.27.2&Prime; _module_preset=\u00a0\u00bbdefault\u00a0\u00bb background_color=\u00a0\u00bbrgba(255,255,255,0.22)\u00a0\u00bb background_image=\u00a0\u00bbhttps:\/\/mortgagesmontreal.ca\/wp-content\/uploads\/2024\/11\/terms-office-scene.jpg\u00a0\u00bb background_blend=\u00a0\u00bboverlay\u00a0\u00bb custom_padding=\u00a0\u00bb100px||100px||true|false\u00a0\u00bb global_colors_info=\u00a0\u00bb{}\u00a0\u00bb][et_pb_row _builder_version=\u00a0\u00bb4.27.2&Prime; _module_preset=\u00a0\u00bbdefault\u00a0\u00bb global_colors_info=\u00a0\u00bb{}\u00a0\u00bb][et_pb_column type=\u00a0\u00bb4_4&Prime; _builder_version=\u00a0\u00bb4.27.2&Prime; _module_preset=\u00a0\u00bbdefault\u00a0\u00bb global_colors_info=\u00a0\u00bb{}\u00a0\u00bb][et_pb_heading title=\u00a0\u00bbConditions d&rsquo;utilisation\u00a0\u00bb _builder_version=\u00a0\u00bb4.27.2&Prime; _module_preset=\u00a0\u00bbddeb8c09-9078-4424-bc15-2efb6572e28e\u00a0\u00bb title_font=\u00a0\u00bbMontserrat|Cormorant Garamond_weight|||||||\u00a0\u00bb title_text_align=\u00a0\u00bbleft\u00a0\u00bb title_text_color=\u00a0\u00bb#111111&Prime; title_font_size=\u00a0\u00bb60px\u00a0\u00bb title_line_height=\u00a0\u00bb1.15em\u00a0\u00bb title_font_size_tablet=\u00a0\u00bb40px\u00a0\u00bb title_font_size_phone=\u00a0\u00bb24px\u00a0\u00bb title_font_size_last_edited=\u00a0\u00bbon|phone\u00a0\u00bb title_text_shadow_style=\u00a0\u00bbpreset3&Prime; title_text_shadow_color=\u00a0\u00bb#FFFFFF\u00a0\u00bb locked=\u00a0\u00bboff\u00a0\u00bb global_colors_info=\u00a0\u00bb{%22#023047%22:%91%22title_text_color%22%93}\u00a0\u00bb][\/et_pb_heading][\/et_pb_column][\/et_pb_row][\/et_pb_section][et_pb_section fb_built=\u00a0\u00bb1&Prime; admin_label=\u00a0\u00bbData Table\u00a0\u00bb _builder_version=\u00a0\u00bb4.27.2&Prime; _module_preset=\u00a0\u00bbdefault\u00a0\u00bb custom_margin=\u00a0\u00bb0px||||false|false\u00a0\u00bb custom_padding=\u00a0\u00bb0px||||false|false\u00a0\u00bb locked=\u00a0\u00bboff\u00a0\u00bb collapsed=\u00a0\u00bbon\u00a0\u00bb global_colors_info=\u00a0\u00bb{}\u00a0\u00bb][et_pb_row _builder_version=\u00a0\u00bb4.25.1&Prime; _module_preset=\u00a0\u00bbdefault\u00a0\u00bb global_colors_info=\u00a0\u00bb{}\u00a0\u00bb][et_pb_column type=\u00a0\u00bb4_4&Prime; _builder_version=\u00a0\u00bb4.25.1&Prime; _module_preset=\u00a0\u00bbdefault\u00a0\u00bb global_colors_info=\u00a0\u00bb{}\u00a0\u00bb][et_pb_text _builder_version=\u00a0\u00bb4.27.2&Prime; _module_preset=\u00a0\u00bbdefault\u00a0\u00bb text_text_color=\u00a0\u00bb#000000&Prime; text_font_size=\u00a0\u00bb16px\u00a0\u00bb global_colors_info=\u00a0\u00bb{}\u00a0\u00bb]Veuillez lire attentivement cet accord (\u00ab Accord \u00bb) avant d\u2019acc\u00e9der ou d\u2019utiliser ce site Web (\u00ab Site \u00bb). En acc\u00e9dant ou en utilisant le site, vous acceptez d&rsquo;\u00eatre li\u00e9 par le pr\u00e9sent accord.[\/et_pb_text][et_pb_text _builder_version=\u00a0\u00bb4.27.3&Prime; _module_preset=\u00a0\u00bbdefault\u00a0\u00bb text_text_color=\u00a0\u00bb#000000&Prime; text_font_size=\u00a0\u00bb16px\u00a0\u00bb hover_enabled=\u00a0\u00bb0&Prime; global_colors_info=\u00a0\u00bb{}\u00a0\u00bb sticky_enabled=\u00a0\u00bb0&Prime;]Mortgages Montreal Inc. et ses fournisseurs vous fournissent, \u00e0 vous l&rsquo;utilisateur, les renseignements et les services de ce site, sous r\u00e9serve de votre acceptation sans modification des modalit\u00e9s, conditions et avis contenus dans les pr\u00e9sentes. Votre utilisation de ce site constitue votre acceptation de tous ces termes, conditions et avis. Les renseignements et les services offerts sur ce site sont fournis \u00e9tant entendu que ni Hypoth\u00e8ques Montr\u00e9al, ni ses fournisseurs ou utilisateurs ne sont engag\u00e9s \u00e0 fournir des services ou des conseils juridiques ou autres. Votre utilisation du Site est sujette aux avertissements et mises en garde suppl\u00e9mentaires qui peuvent appara\u00eetre sur l&rsquo;ensemble du Site. Mortgages Montreal et ses agents n&rsquo;assument aucune responsabilit\u00e9 pour toute cons\u00e9quence li\u00e9e directement ou indirectement \u00e0 toute action ou inaction que vous entreprenez en fonction des renseignements, des services ou de tout autre mat\u00e9riel pr\u00e9sent sur ce site. Bien qu&rsquo;Mortgages Montreal et ses fournisseurs s&rsquo;efforcent de maintenir les informations sur ce site exactes, compl\u00e8tes et \u00e0 jour, Mortgages Montreal Inc. et ses fournisseurs ne peuvent garantir et ne seront pas responsables de tout dommage ou perte li\u00e9 \u00e0 l&rsquo;exactitude , l&rsquo;exhaustivit\u00e9 ou l&rsquo;actualit\u00e9 des informations.[\/et_pb_text][\/et_pb_column][\/et_pb_row][et_pb_row _builder_version=\u00a0\u00bb4.25.1&Prime; _module_preset=\u00a0\u00bbdefault\u00a0\u00bb global_colors_info=\u00a0\u00bb{}\u00a0\u00bb][et_pb_column type=\u00a0\u00bb4_4&Prime; _builder_version=\u00a0\u00bb4.25.1&Prime; _module_preset=\u00a0\u00bbdefault\u00a0\u00bb global_colors_info=\u00a0\u00bb{}\u00a0\u00bb][et_pb_text _builder_version=\u00a0\u00bb4.27.2&Prime; _module_preset=\u00a0\u00bbdefault\u00a0\u00bb text_text_color=\u00a0\u00bb#000000&Prime; text_font_size=\u00a0\u00bb15px\u00a0\u00bb header_text_color=\u00a0\u00bb#000000&Prime; header_3_text_color=\u00a0\u00bb#000000&Prime; header_3_font_size=\u00a0\u00bb24px\u00a0\u00bb custom_margin=\u00a0\u00bb0px||0px||false|false\u00a0\u00bb custom_padding=\u00a0\u00bb0px||||false|false\u00a0\u00bb global_colors_info=\u00a0\u00bb{}\u00a0\u00bb]<\/p>\n<h3>LIMITATION D&rsquo;UTILISATION PERSONNELLE ET NON COMMERCIALE : UTILISATIONS INTERDITES<\/h3>\n<p>[\/et_pb_text][et_pb_text _builder_version=\u00a0\u00bb4.27.2&Prime; _module_preset=\u00a0\u00bbdefault\u00a0\u00bb text_text_color=\u00a0\u00bb#000000&Prime; text_font_size=\u00a0\u00bb16px\u00a0\u00bb global_colors_info=\u00a0\u00bb{}\u00a0\u00bb]Vous pouvez acc\u00e9der, t\u00e9l\u00e9charger et imprimer des documents sur ce site pour votre usage personnel et non commercial. Vous ne pouvez pas modifier, copier, distribuer, transmettre, afficher, ex\u00e9cuter, reproduire, publier, conc\u00e9der sous licence, cr\u00e9er des \u0153uvres d\u00e9riv\u00e9es, encadrer dans une autre page Web, utiliser sur tout autre site Web, transf\u00e9rer ou vendre des informations, des logiciels, listes d&rsquo;utilisateurs. L&rsquo;interdiction ci-dessus inclut express\u00e9ment, mais sans s&rsquo;y limiter, les pratiques de \u00ab scraping d&rsquo;\u00e9cran \u00bb ou de \u00ab scraping de base de donn\u00e9es \u00bb pour obtenir des listes d&rsquo;utilisateurs ou d&rsquo;autres informations. Si et lorsque Mortgages Montr\u00e9al Inc. vous le demande, vous acceptez de fournir des informations d&rsquo;utilisateur v\u00e9ridiques, exactes et compl\u00e8tes et de vous abstenir de usurper l&rsquo;identit\u00e9 ou de repr\u00e9senter faussement votre affiliation avec toute personne ou entit\u00e9. Sauf avec la permission \u00e9crite d&rsquo;Hypoth\u00e8ques Montr\u00e9al Inc., vous acceptez de vous abstenir d&rsquo;acc\u00e9der ou de tenter d&rsquo;acc\u00e9der aux zones prot\u00e9g\u00e9es par mot de passe, s\u00e9curis\u00e9es ou non publiques de ce site. Les personnes non autoris\u00e9es qui tentent d&rsquo;acc\u00e9der aux zones interdites de ce site peuvent faire l&rsquo;objet de poursuites.[\/et_pb_text][\/et_pb_column][\/et_pb_row][et_pb_row _builder_version=\u00a0\u00bb4.25.1&Prime; _module_preset=\u00a0\u00bbdefault\u00a0\u00bb global_colors_info=\u00a0\u00bb{}\u00a0\u00bb][et_pb_column type=\u00a0\u00bb4_4&Prime; _builder_version=\u00a0\u00bb4.25.1&Prime; _module_preset=\u00a0\u00bbdefault\u00a0\u00bb global_colors_info=\u00a0\u00bb{}\u00a0\u00bb][et_pb_text _builder_version=\u00a0\u00bb4.27.2&Prime; _module_preset=\u00a0\u00bbdefault\u00a0\u00bb text_text_color=\u00a0\u00bb#000000&Prime; text_font_size=\u00a0\u00bb15px\u00a0\u00bb header_text_color=\u00a0\u00bb#000000&Prime; header_3_text_color=\u00a0\u00bb#000000&Prime; header_3_font_size=\u00a0\u00bb24px\u00a0\u00bb custom_margin=\u00a0\u00bb0px||0px||false|false\u00a0\u00bb custom_padding=\u00a0\u00bb0px||||false|false\u00a0\u00bb global_colors_info=\u00a0\u00bb{}\u00a0\u00bb]<\/p>\n<h3>DROITS DE PROPRI\u00c9T\u00c9<\/h3>\n<p>[\/et_pb_text][et_pb_text _builder_version=\u00a0\u00bb4.27.3&Prime; _module_preset=\u00a0\u00bbdefault\u00a0\u00bb text_text_color=\u00a0\u00bb#000000&Prime; text_font_size=\u00a0\u00bb16px\u00a0\u00bb hover_enabled=\u00a0\u00bb0&Prime; global_colors_info=\u00a0\u00bb{}\u00a0\u00bb sticky_enabled=\u00a0\u00bb0&Prime;]Tous les documents pr\u00e9sents sur ce site (ainsi que l&rsquo;organisation et la mise en page du site) sont la propri\u00e9t\u00e9 et sont prot\u00e9g\u00e9s par le droit d&rsquo;auteur ou sous licence d&rsquo;Mortgages Montreal Inc. et de ses soci\u00e9t\u00e9s affili\u00e9es ou de ses fournisseurs. Copyright Mortgages Montreal 2006. Tous droits r\u00e9serv\u00e9s. Aucune reproduction, distribution ou transmission du mat\u00e9riel prot\u00e9g\u00e9 par le droit d&rsquo;auteur sur ce site n&rsquo;est autoris\u00e9e sans l&rsquo;autorisation \u00e9crite Mortgages Montreal Inc. et de ses soci\u00e9t\u00e9s affili\u00e9es ou de ses fournisseurs. Droit d&rsquo;auteur Mortgages Montreal.[\/et_pb_text][\/et_pb_column][\/et_pb_row][et_pb_row _builder_version=\u00a0\u00bb4.25.1&Prime; _module_preset=\u00a0\u00bbdefault\u00a0\u00bb global_colors_info=\u00a0\u00bb{}\u00a0\u00bb][et_pb_column type=\u00a0\u00bb4_4&Prime; _builder_version=\u00a0\u00bb4.25.1&Prime; _module_preset=\u00a0\u00bbdefault\u00a0\u00bb global_colors_info=\u00a0\u00bb{}\u00a0\u00bb][et_pb_text _builder_version=\u00a0\u00bb4.27.2&Prime; _module_preset=\u00a0\u00bbdefault\u00a0\u00bb text_text_color=\u00a0\u00bb#000000&Prime; text_font_size=\u00a0\u00bb15px\u00a0\u00bb header_text_color=\u00a0\u00bb#000000&Prime; header_3_text_color=\u00a0\u00bb#000000&Prime; header_3_font_size=\u00a0\u00bb24px\u00a0\u00bb custom_margin=\u00a0\u00bb0px||0px||false|false\u00a0\u00bb custom_padding=\u00a0\u00bb0px||||false|false\u00a0\u00bb global_colors_info=\u00a0\u00bb{}\u00a0\u00bb]<\/p>\n<h3>AUCUNE UTILISATION ILLICITE OU INTERDITE<\/h3>\n<p>[\/et_pb_text][et_pb_text _builder_version=\u00a0\u00bb4.27.3&Prime; _module_preset=\u00a0\u00bbdefault\u00a0\u00bb text_text_color=\u00a0\u00bb#000000&Prime; text_font_size=\u00a0\u00bb16px\u00a0\u00bb hover_enabled=\u00a0\u00bb0&Prime; global_colors_info=\u00a0\u00bb{}\u00a0\u00bb sticky_enabled=\u00a0\u00bb0&Prime;]Comme condition de votre utilisation de ce site, vous garantissez \u00e0 Mortgages Montreal Inc. que vous n&rsquo;utiliserez pas ce site \u00e0 des fins ill\u00e9gales ou interdites par les pr\u00e9sents termes, conditions et avis. Si vous violez l&rsquo;une de ces conditions, votre autorisation d&rsquo;utiliser le site prend automatiquement fin.[\/et_pb_text][\/et_pb_column][\/et_pb_row][et_pb_row _builder_version=\u00a0\u00bb4.25.1&Prime; _module_preset=\u00a0\u00bbdefault\u00a0\u00bb global_colors_info=\u00a0\u00bb{}\u00a0\u00bb][et_pb_column type=\u00a0\u00bb4_4&Prime; _builder_version=\u00a0\u00bb4.25.1&Prime; _module_preset=\u00a0\u00bbdefault\u00a0\u00bb global_colors_info=\u00a0\u00bb{}\u00a0\u00bb][et_pb_text _builder_version=\u00a0\u00bb4.27.2&Prime; _module_preset=\u00a0\u00bbdefault\u00a0\u00bb text_text_color=\u00a0\u00bb#000000&Prime; text_font_size=\u00a0\u00bb15px\u00a0\u00bb header_text_color=\u00a0\u00bb#000000&Prime; header_3_text_color=\u00a0\u00bb#000000&Prime; header_3_font_size=\u00a0\u00bb24px\u00a0\u00bb custom_margin=\u00a0\u00bb0px||0px||false|false\u00a0\u00bb custom_padding=\u00a0\u00bb0px||||false|false\u00a0\u00bb global_colors_info=\u00a0\u00bb{}\u00a0\u00bb]<\/p>\n<h3>EXCLUSION DE RESPONSABILIT\u00c9<\/h3>\n<p>[\/et_pb_text][et_pb_text _builder_version=\u00a0\u00bb4.27.3&Prime; _module_preset=\u00a0\u00bbdefault\u00a0\u00bb text_text_color=\u00a0\u00bb#000000&Prime; text_font_size=\u00a0\u00bb16px\u00a0\u00bb hover_enabled=\u00a0\u00bb0&Prime; global_colors_info=\u00a0\u00bb{}\u00a0\u00bb sticky_enabled=\u00a0\u00bb0&Prime;]Vous utilisez ce site \u00e0 vos propres risques. Si votre utilisation de ce site ou du mat\u00e9riel qu&rsquo;il contient entra\u00eene la n\u00e9cessit\u00e9 de r\u00e9parer ou de remplacer des biens, du mat\u00e9riel, de l&rsquo;\u00e9quipement ou des donn\u00e9es, ni Mortgages Montreal Inc., ni ses soci\u00e9t\u00e9s affili\u00e9es ne sont responsables de ces co\u00fbts. LES INFORMATIONS, LOGICIELS, PRODUITS ET SERVICES PUBLI\u00c9S SUR CE SITE PEUVENT COMPRENDRE DES INEXACTITUDES OU DES ERREURS TYPOGRAPHIQUES. DES CHANGEMENTS SONT P\u00c9RIODIQUEMENT AJOUT\u00c9S AUX INFORMATIONS PR\u00c9SENT\u00c9ES. Hypoth\u00e8ques Montr\u00e9al Inc., SES FILIALES ET\/OU SES FOURNISSEURS RESPECTIFS PEUVENT SANS PR\u00c9AVIS APPORTER DES AM\u00c9LIORATIONS ET\/OU DES CHANGEMENTS \u00c0 CE SITE, Y COMPRIS MAIS SANS LIMITATION LES INFORMATIONS, SERVICES, PRODUITS OU AUTRE MAT\u00c9RIEL, \u00c0 TOUT MOMENT. TOUTES LES INFORMATIONS, PRODUITS ET SERVICES SONT FOURNIS \u00ab TELS QUELS \u00bb SANS GARANTIE D&rsquo;AUCUNE SORTE. EN AUCUN CAS Hypoth\u00e8ques Montr\u00e9al Inc., SES FILIALES ET\/OU SES FOURNISSEURS NE SERONT RESPONSABLES DE TOUT DOMMAGE DIRECT, INDIRECT, ACCESSOIRE, SP\u00c9CIAL OU CONS\u00c9CUTIF D\u00c9COULANT DE OU LI\u00c9S DE QUELQUE MANI\u00c8RE \u00c0 L&rsquo;UTILISATION DE CE SITE OU AU RETARD OU \u00c0 L INCAPACIT\u00c9 POUR UTILISER CE SITE, OU POUR TOUTE INFORMATION, PRODUITS, MAT\u00c9RIEL ET\/OU SERVICES OBTENUS PAR CE SITE, OU AUTREMENT D\u00c9COULANT DE L&rsquo;UTILISATION DE CE SITE, QUE CE SOIT BAS\u00c9 SUR UN CONTRAT, UN D\u00c9LIT, UNE RESPONSABILIT\u00c9 STRICTE OU AUTRE, M\u00caME SI Hypoth\u00e8ques Montr\u00e9al SON LES FILIALES OU L&rsquo;UN DE SES FOURNISSEURS A \u00c9T\u00c9 INFORM\u00c9 DE LA POSSIBILIT\u00c9 DE DOMMAGES. PARCE QUE CERTAINES PROVINCES\/JURIDICTIONS N&rsquo;AUTORISENT PAS L&rsquo;EXCLUSION OU LA LIMITATION DE RESPONSABILIT\u00c9 POUR LES DOMMAGES INDIRECTS OU ACCESSOIRES, LA LIMITATION CI-DESSUS PEUT NE PAS S&rsquo;APPLIQUER \u00c0 VOUS.[\/et_pb_text][\/et_pb_column][\/et_pb_row][et_pb_row _builder_version=\u00a0\u00bb4.25.1&Prime; _module_preset=\u00a0\u00bbdefault\u00a0\u00bb global_colors_info=\u00a0\u00bb{}\u00a0\u00bb][et_pb_column type=\u00a0\u00bb4_4&Prime; _builder_version=\u00a0\u00bb4.25.1&Prime; _module_preset=\u00a0\u00bbdefault\u00a0\u00bb global_colors_info=\u00a0\u00bb{}\u00a0\u00bb][et_pb_text _builder_version=\u00a0\u00bb4.27.2&Prime; _module_preset=\u00a0\u00bbdefault\u00a0\u00bb text_text_color=\u00a0\u00bb#000000&Prime; text_font_size=\u00a0\u00bb15px\u00a0\u00bb header_text_color=\u00a0\u00bb#000000&Prime; header_3_text_color=\u00a0\u00bb#000000&Prime; header_3_font_size=\u00a0\u00bb24px\u00a0\u00bb custom_margin=\u00a0\u00bb0px||0px||false|false\u00a0\u00bb custom_padding=\u00a0\u00bb0px||||false|false\u00a0\u00bb global_colors_info=\u00a0\u00bb{}\u00a0\u00bb]<\/p>\n<h3>LIENS VERS DES SITES TIERS<\/h3>\n<p>[\/et_pb_text][et_pb_text _builder_version=\u00a0\u00bb4.27.3&Prime; _module_preset=\u00a0\u00bbdefault\u00a0\u00bb text_text_color=\u00a0\u00bb#000000&Prime; text_font_size=\u00a0\u00bb16px\u00a0\u00bb hover_enabled=\u00a0\u00bb0&Prime; global_colors_info=\u00a0\u00bb{}\u00a0\u00bb sticky_enabled=\u00a0\u00bb0&Prime;]Liens externes \u2013 Lorsque vous visitez ce site Web, vous pouvez \u00eatre dirig\u00e9 vers d&rsquo;autres sites Web exploit\u00e9s par des parties autres qu&rsquo;Mortgages Montrealou ses soci\u00e9t\u00e9s affili\u00e9es. Nous ne sommes pas responsables de la qualit\u00e9 ou des r\u00e9sultats ou de tout produit ou service fourni par ces soci\u00e9t\u00e9s. Examinez attentivement leurs produits et services. De plus, \u00e9tant donn\u00e9 que la politique de confidentialit\u00e9 que vous venez de lire n&rsquo;est applicable que lorsque vous \u00eates sur notre site, une fois li\u00e9 \u00e0 un autre site Web, vous devez lire la politique de confidentialit\u00e9 de ce site avant de divulguer des informations personnelles. Leurs propres politiques de confidentialit\u00e9 peuvent \u00eatre diff\u00e9rentes des n\u00f4tres. Nous ne sommes pas responsables de l&rsquo;utilisation des renseignements que vous fournissez \u00e0 ces tiers.[\/et_pb_text][\/et_pb_column][\/et_pb_row][et_pb_row _builder_version=\u00a0\u00bb4.25.1&Prime; _module_preset=\u00a0\u00bbdefault\u00a0\u00bb global_colors_info=\u00a0\u00bb{}\u00a0\u00bb][et_pb_column type=\u00a0\u00bb4_4&Prime; _builder_version=\u00a0\u00bb4.25.1&Prime; _module_preset=\u00a0\u00bbdefault\u00a0\u00bb global_colors_info=\u00a0\u00bb{}\u00a0\u00bb][et_pb_text _builder_version=\u00a0\u00bb4.27.2&Prime; _module_preset=\u00a0\u00bbdefault\u00a0\u00bb text_text_color=\u00a0\u00bb#000000&Prime; text_font_size=\u00a0\u00bb15px\u00a0\u00bb header_text_color=\u00a0\u00bb#000000&Prime; header_3_text_color=\u00a0\u00bb#000000&Prime; header_3_font_size=\u00a0\u00bb24px\u00a0\u00bb custom_margin=\u00a0\u00bb0px||0px||false|false\u00a0\u00bb custom_padding=\u00a0\u00bb0px||||false|false\u00a0\u00bb global_colors_info=\u00a0\u00bb{}\u00a0\u00bb]<\/p>\n<h3>MODIFICATIONS DE L&rsquo;ACCORD<\/h3>\n<p>[\/et_pb_text][et_pb_text _builder_version=\u00a0\u00bb4.27.3&Prime; _module_preset=\u00a0\u00bbdefault\u00a0\u00bb text_text_color=\u00a0\u00bb#000000&Prime; text_font_size=\u00a0\u00bb16px\u00a0\u00bb hover_enabled=\u00a0\u00bb0&Prime; global_colors_info=\u00a0\u00bb{}\u00a0\u00bb sticky_enabled=\u00a0\u00bb0&Prime;]Mortgages Montreal. peut modifier le pr\u00e9sent Accord en tout temps, et ces modifications entreront en vigueur imm\u00e9diatement apr\u00e8s la publication de l&rsquo;Accord modifi\u00e9. En cons\u00e9quence, vous acceptez de r\u00e9viser l&rsquo;accord p\u00e9riodiquement, et votre acc\u00e8s ou votre utilisation continue de ce site sera consid\u00e9r\u00e9 comme votre acceptation de l&rsquo;accord modifi\u00e9.[\/et_pb_text][\/et_pb_column][\/et_pb_row][et_pb_row _builder_version=\u00a0\u00bb4.25.1&Prime; _module_preset=\u00a0\u00bbdefault\u00a0\u00bb global_colors_info=\u00a0\u00bb{}\u00a0\u00bb][et_pb_column type=\u00a0\u00bb4_4&Prime; _builder_version=\u00a0\u00bb4.25.1&Prime; _module_preset=\u00a0\u00bbdefault\u00a0\u00bb global_colors_info=\u00a0\u00bb{}\u00a0\u00bb][et_pb_text _builder_version=\u00a0\u00bb4.27.2&Prime; _module_preset=\u00a0\u00bbdefault\u00a0\u00bb text_text_color=\u00a0\u00bb#000000&Prime; text_font_size=\u00a0\u00bb15px\u00a0\u00bb header_text_color=\u00a0\u00bb#000000&Prime; header_3_text_color=\u00a0\u00bb#000000&Prime; header_3_font_size=\u00a0\u00bb24px\u00a0\u00bb custom_margin=\u00a0\u00bb0px||0px||false|false\u00a0\u00bb custom_padding=\u00a0\u00bb0px||||false|false\u00a0\u00bb global_colors_info=\u00a0\u00bb{}\u00a0\u00bb]<\/p>\n<h3>DIVERS<\/h3>\n<p>[\/et_pb_text][et_pb_text _builder_version=\u00a0\u00bb4.27.2&Prime; _module_preset=\u00a0\u00bbdefault\u00a0\u00bb text_text_color=\u00a0\u00bb#000000&Prime; text_font_size=\u00a0\u00bb16px\u00a0\u00bb global_colors_info=\u00a0\u00bb{}\u00a0\u00bb]Ce site Web s&rsquo;applique et ne doit \u00eatre utilis\u00e9 que par des personnes \u00e2g\u00e9es de 18 ans ou plus r\u00e9sidant au Canada ou aux \u00c9tats-Unis d&rsquo;Am\u00e9rique. L&rsquo;acc\u00e8s et l&rsquo;utilisation de ce site Web par des personnes de moins de 18 ans ou provenant d&rsquo;endroits autres que le Canada ou les \u00c9tats-Unis sont interdits. Le pr\u00e9sent accord et la r\u00e9solution de tout litige li\u00e9 au pr\u00e9sent accord ou \u00e0 ce site seront r\u00e9gis et interpr\u00e9t\u00e9s conform\u00e9ment aux lois du Canada sans donner effet \u00e0 aucun principe de conflits de lois. Le fait que Hypoth\u00e8ques Montr\u00e9al ou ses soci\u00e9t\u00e9s affili\u00e9es n\u2019insistent pas sur l\u2019application stricte de toute disposition du pr\u00e9sent accord ne doit pas \u00eatre interpr\u00e9t\u00e9 comme une renonciation \u00e0 toute disposition ou \u00e0 tout droit. Vous convenez que, ind\u00e9pendamment de toute loi ou statut contraire, toute r\u00e9clamation ou cause d&rsquo;action d\u00e9coulant de ou li\u00e9e \u00e0 l&rsquo;utilisation de ce site ou du pr\u00e9sent accord doit \u00eatre d\u00e9pos\u00e9e dans un d\u00e9lai d&rsquo;un (1) an suivant la survenance de cette r\u00e9clamation ou cause d&rsquo;action ou \u00eatre \u00e0 jamais interdit. Toute action ou proc\u00e9dure judiciaire entre Hypoth\u00e8ques Montr\u00e9al et\/ou ses soci\u00e9t\u00e9s affili\u00e9es et vous en lien avec la pr\u00e9sente entente sera port\u00e9e exclusivement devant la Cour f\u00e9d\u00e9rale. Hypoth\u00e8ques Montr\u00e9al et autres Inc, les logos, les noms de produits et de services sont des marques de commerce d\u00e9tenues et sous licence par Hypoth\u00e8ques Montr\u00e9al ou ses soci\u00e9t\u00e9s affili\u00e9es (les \u00ab Marques \u00bb). Sans l&rsquo;autorisation \u00e9crite pr\u00e9alable d&rsquo;Hypoth\u00e8ques Montr\u00e9al ou de ses soci\u00e9t\u00e9s affili\u00e9es appropri\u00e9es, vous acceptez de ne pas afficher ou utiliser de quelque mani\u00e8re que ce soit les marques. Toutes les autres marques de commerce sont la propri\u00e9t\u00e9 de leurs propri\u00e9taires respectifs. L\u2019assurance protection hypoth\u00e9caire prot\u00e8ge votre investissement tout en contribuant \u00e0 assurer le bien-\u00eatre financier de votre famille en cas de d\u00e9c\u00e8s de vous et\/ou de votre conjoint. Si quelque chose de tragique devait entra\u00eener votre d\u00e9c\u00e8s ou celui de votre conjoint, l&rsquo;hypoth\u00e8que de votre maison serait rembours\u00e9e, ce qui permettrait aux membres survivants de votre famille d&rsquo;utiliser une autre assurance existante pour continuer leur vie, maintenir leur mode de vie et se remettre de votre perte. L\u2019assurance hypoth\u00e9caire offerte par Hypoth\u00e8ques Montr\u00e9al pr\u00e9sente des caract\u00e9ristiques int\u00e9ressantes que l\u2019assurance hypoth\u00e9caire bancaire traditionnelle n\u2019offre pas. Cela inclut la portabilit\u00e9 \u2013 ainsi, lorsque vient le temps de renouveler votre pr\u00eat hypoth\u00e9caire, vous ne perdrez pas votre couverture (ou ne devrez pas vous requalifier), peu importe le nombre de fois que vous changerez de maison ou de pr\u00eateur \u00e0 l&rsquo;avenir \u2013 et les primes n&rsquo;augmenteront pas avec les changements en sant\u00e9 ou en vieillissant. De plus, le Plan de protection hypoth\u00e9caire comprend deux produits d&rsquo;assurance essentiels \u00e0 la protection de votre pr\u00eat hypoth\u00e9caire : l&rsquo;assurance vie et l&rsquo;assurance invalidit\u00e9 totale. Gr\u00e2ce \u00e0 cette couverture, votre pr\u00eat hypoth\u00e9caire est prot\u00e9g\u00e9 non seulement en cas de d\u00e9c\u00e8s, mais aussi si un accident ou une maladie grave vous emp\u00eache de travailler. La plupart des polices d&rsquo;assurance vie temporaires traditionnelles ne vous couvrent qu&rsquo;en cas de d\u00e9c\u00e8s.[\/et_pb_text][\/et_pb_column][\/et_pb_row][et_pb_row _builder_version=\u00a0\u00bb4.25.1&Prime; _module_preset=\u00a0\u00bbdefault\u00a0\u00bb global_colors_info=\u00a0\u00bb{}\u00a0\u00bb][et_pb_column type=\u00a0\u00bb4_4&Prime; _builder_version=\u00a0\u00bb4.25.1&Prime; _module_preset=\u00a0\u00bbdefault\u00a0\u00bb global_colors_info=\u00a0\u00bb{}\u00a0\u00bb][et_pb_text _builder_version=\u00a0\u00bb4.27.2&Prime; _module_preset=\u00a0\u00bbdefault\u00a0\u00bb text_text_color=\u00a0\u00bb#000000&Prime; text_font_size=\u00a0\u00bb15px\u00a0\u00bb header_text_color=\u00a0\u00bb#000000&Prime; header_3_text_color=\u00a0\u00bb#000000&Prime; header_3_font_size=\u00a0\u00bb24px\u00a0\u00bb custom_margin=\u00a0\u00bb0px||0px||false|false\u00a0\u00bb custom_padding=\u00a0\u00bb0px||||false|false\u00a0\u00bb global_colors_info=\u00a0\u00bb{}\u00a0\u00bb]<\/p>\n<h3>COMMENT POSTULER<\/h3>\n<p>[\/et_pb_text][et_pb_text _builder_version=\u00a0\u00bb4.27.3&Prime; _module_preset=\u00a0\u00bbdefault\u00a0\u00bb text_text_color=\u00a0\u00bb#000000&Prime; text_font_size=\u00a0\u00bb16px\u00a0\u00bb hover_enabled=\u00a0\u00bb0&Prime; global_colors_info=\u00a0\u00bb{}\u00a0\u00bb sticky_enabled=\u00a0\u00bb0&Prime;]Votre professionnel hypoth\u00e9caire Mortgages Montreal peut vous expliquer les tenants et les aboutissants de l&rsquo;assurance vie hypoth\u00e9caire, les co\u00fbts applicables, en plus de vous fournir une couverture instantan\u00e9e et une garantie de remboursement, juste au cas o\u00f9 vous choisiriez une couverture alternative et annuler votre police dans les d\u00e9lais suivants. Parlez \u00e0 votre courtier ou agent Mortgages Montreal d\u00e8s aujourd&rsquo;hui et faites le choix simple de prot\u00e9ger votre pr\u00eat hypoth\u00e9caire avec une assurance vie et invalidit\u00e9 d\u00e8s aujourd&rsquo;hui.[\/et_pb_text][\/et_pb_column][\/et_pb_row][\/et_pb_section]<\/p>\n","protected":false},"excerpt":{"rendered":"<p>Veuillez lire attentivement cet accord (\u00ab Accord \u00bb) avant d\u2019acc\u00e9der ou d\u2019utiliser ce site Web (\u00ab Site \u00bb). En acc\u00e9dant ou en utilisant le site, vous acceptez d&rsquo;\u00eatre li\u00e9 par le pr\u00e9sent accord.Mortgages Montreal Inc. et ses fournisseurs vous fournissent, \u00e0 vous l&rsquo;utilisateur, les renseignements et les services de ce site, sous r\u00e9serve de votre [&hellip;]<\/p>\n","protected":false},"author":1,"featured_media":0,"parent":0,"menu_order":0,"comment_status":"closed","ping_status":"closed","template":"","meta":{"_et_pb_use_builder":"on","_et_pb_old_content":"","_et_gb_content_width":"","footnotes":""},"class_list":["post-71680","page","type-page","status-publish","hentry"],"_links":{"self":[{"href":"https:\/\/mortgagesmontreal.ca\/fr\/wp-json\/wp\/v2\/pages\/71680","targetHints":{"allow":["GET"]}}],"collection":[{"href":"https:\/\/mortgagesmontreal.ca\/fr\/wp-json\/wp\/v2\/pages"}],"about":[{"href":"https:\/\/mortgagesmontreal.ca\/fr\/wp-json\/wp\/v2\/types\/page"}],"author":[{"embeddable":true,"href":"https:\/\/mortgagesmontreal.ca\/fr\/wp-json\/wp\/v2\/users\/1"}],"replies":[{"embeddable":true,"href":"https:\/\/mortgagesmontreal.ca\/fr\/wp-json\/wp\/v2\/comments?post=71680"}],"version-history":[{"count":3,"href":"https:\/\/mortgagesmontreal.ca\/fr\/wp-json\/wp\/v2\/pages\/71680\/revisions"}],"predecessor-version":[{"id":71699,"href":"https:\/\/mortgagesmontreal.ca\/fr\/wp-json\/wp\/v2\/pages\/71680\/revisions\/71699"}],"wp:attachment":[{"href":"https:\/\/mortgagesmontreal.ca\/fr\/wp-json\/wp\/v2\/media?parent=71680"}],"curies":[{"name":"wp","href":"https:\/\/api.w.org\/{rel}","templated":true}]}}